{"id":84,"date":"2015-10-11T17:07:36","date_gmt":"2015-10-11T15:07:36","guid":{"rendered":"https:\/\/www.schreibkurse.ch\/?page_id=84"},"modified":"2025-01-04T16:38:23","modified_gmt":"2025-01-04T15:38:23","slug":"uber-mich","status":"publish","type":"page","link":"https:\/\/www.schreibkurse.ch\/?page_id=84","title":{"rendered":"\u00fcber mich"},"content":{"rendered":"<div id='gallery-1' class='gallery galleryid-84 gallery-columns-3 gallery-size-thumbnail'><figure class='gallery-item'>\n\t\t\t<div class='gallery-icon landscape'>\n\t\t\t\t<a href='https:\/\/www.schreibkurse.ch\/?attachment_id=87'><img loading=\"lazy\" decoding=\"async\" width=\"150\" height=\"150\" src=\"https:\/\/www.schreibkurse.ch\/wp-content\/uploads\/2015\/10\/DSCN7305-1-150x150.jpg\" class=\"attachment-thumbnail size-thumbnail\" alt=\"\" \/><\/a>\n\t\t\t<\/div><\/figure>\n\t\t<\/div>\n\n<p class=\"p1\"><span class=\"s1\">Vor \u00fcber 25 Jahren wurde ich erstmals mit historischen Schriften konfrontiert und dadurch wurde meine Begeisterung geweckt. Gute Grundkenntnisse erwarb ich an der Schule f\u00fcr Gestaltung (SfG) in Bern, ebenso absolvierte ich an der SfG Basel \u201eSchriftbild im Siebruck\u201c. Teilnahme an Kursen internationaler Schreibk\u00fcnstler festigten mein kalligraphisches K\u00f6nnen und Wissen. Im Centro del bel Libro (Schweiz. Buchbinderschule) in Ascona vertiefte ich mein Wissen \u00fcber Papier, dessen Beschaffenheit und Herstellungsmethoden. Ebenso erlernte ich dort viele Faltvarianten, buchbinderische<span class=\"Apple-converted-space\">\u00a0\u00a0<\/span>und dekorative Techniken. <\/span><\/p>\n<p class=\"p1\"><span class=\"s1\">Regelm\u00e4ssige Treffen, Weiterbildung und Gedankenaustausch<span class=\"Apple-converted-space\">\u00a0 <\/span>mit Kalligraphie-Besessenen f\u00f6rdern die Leidenschaft. Mein Kursangebot versuche ich m\u00f6glichst vielf\u00e4ltig und interessant zu gestalten.<\/span><\/p>\n<p class=\"p1\"><span class=\"s1\">Kalligraphie ist f\u00fcr mich zum wichtigsten Teil meines Lebens geworden und schenkt mir viel Freude und kreative Kraft.<\/span><\/p>\n<p class=\"p1\"><span class=\"s1\">Iris Gerber<\/span><\/p>\n<ul>\n<li class=\"li6\"><span class=\"s1\">Mitglied der Schweiz. Kalligraphischen Gesellschaft <\/span><\/li>\n<li class=\"li6\"><span class=\"s1\">Mitglied Schreibgruppe Abendrot<\/span><\/li>\n<li class=\"li6\"><span class=\"s1\">Mitglied Schreibgruppe 5 Freundinnen<\/span><\/li>\n<\/ul>\n\n\n<p class=\"wp-block-paragraph\"><\/p>\n","protected":false},"excerpt":{"rendered":"<p>Vor \u00fcber 25 Jahren wurde ich erstmals mit historischen Schriften konfrontiert und dadurch wurde meine Begeisterung geweckt. Gute Grundkenntnisse erwarb ich an der Schule f\u00fcr Gestaltung (SfG) in Bern, ebenso absolvierte ich an der SfG Basel \u201eSchriftbild im Siebruck\u201c. Teilnahme an Kursen internationaler Schreibk\u00fcnstler festigten mein kalligraphisches K\u00f6nnen und Wissen. Im Centro del bel Libro [&hellip;]<\/p>\n","protected":false},"author":2,"featured_media":0,"parent":7,"menu_order":0,"comment_status":"closed","ping_status":"closed","template":"","meta":{"_crdt_document":"","footnotes":""},"class_list":["post-84","page","type-page","status-publish","hentry"],"jetpack_sharing_enabled":true,"_links":{"self":[{"href":"https:\/\/www.schreibkurse.ch\/index.php?rest_route=\/wp\/v2\/pages\/84","targetHints":{"allow":["GET"]}}],"collection":[{"href":"https:\/\/www.schreibkurse.ch\/index.php?rest_route=\/wp\/v2\/pages"}],"about":[{"href":"https:\/\/www.schreibkurse.ch\/index.php?rest_route=\/wp\/v2\/types\/page"}],"author":[{"embeddable":true,"href":"https:\/\/www.schreibkurse.ch\/index.php?rest_route=\/wp\/v2\/users\/2"}],"replies":[{"embeddable":true,"href":"https:\/\/www.schreibkurse.ch\/index.php?rest_route=%2Fwp%2Fv2%2Fcomments&post=84"}],"version-history":[{"count":5,"href":"https:\/\/www.schreibkurse.ch\/index.php?rest_route=\/wp\/v2\/pages\/84\/revisions"}],"predecessor-version":[{"id":1381,"href":"https:\/\/www.schreibkurse.ch\/index.php?rest_route=\/wp\/v2\/pages\/84\/revisions\/1381"}],"up":[{"embeddable":true,"href":"https:\/\/www.schreibkurse.ch\/index.php?rest_route=\/wp\/v2\/pages\/7"}],"wp:attachment":[{"href":"https:\/\/www.schreibkurse.ch\/index.php?rest_route=%2Fwp%2Fv2%2Fmedia&parent=84"}],"curies":[{"name":"wp","href":"https:\/\/api.w.org\/{rel}","templated":true}]}}