{"id":578,"date":"2017-12-28T16:07:28","date_gmt":"2017-12-28T15:07:28","guid":{"rendered":"https:\/\/www.schreibkurse.ch\/?page_id=578"},"modified":"2025-11-05T00:39:22","modified_gmt":"2025-11-04T23:39:22","slug":"kursangebot","status":"publish","type":"page","link":"https:\/\/www.schreibkurse.ch\/?page_id=578","title":{"rendered":"Kursangebot"},"content":{"rendered":"\n<p class=\"has-text-align-left wp-block-paragraph\">Schreib- und Kreativkurse 2025 und Fr\u00fchling 2026<\/p>\n\n\n\n<p class=\"has-text-align-left wp-block-paragraph\">Scriptorium Iris Gerber Bl\u00e4uenrainstrasse 28 4912 Aarwangen 062 922 03 63 \/ 079 204 85 86 <a href=\"http:\/\/www.schreibkurse.ch\/wp-content\/uploads\/2025\/01\/Anmeldeformular_2025.pdf\" target=\"_blank\" rel=\"noreferrer noopener\">Anmeldeformular<\/a> gerber.iriss@ gmail.com (doppel s stimmt)<\/p>\n\n\n\n<div class=\"wp-block-media-text is-stacked-on-mobile\" style=\"grid-template-columns:25% auto\"><figure class=\"wp-block-media-text__media\"><img loading=\"lazy\" decoding=\"async\" width=\"1024\" height=\"1024\" src=\"http:\/\/www.schreibkurse.ch\/wp-content\/uploads\/2025\/02\/859FE76B-6A75-4D1F-B137-DF04752AA111_1_201_a-1024x1024.jpeg\" alt=\"\" class=\"wp-image-1698 size-full\" srcset=\"https:\/\/www.schreibkurse.ch\/wp-content\/uploads\/2025\/02\/859FE76B-6A75-4D1F-B137-DF04752AA111_1_201_a-1024x1024.jpeg 1024w, https:\/\/www.schreibkurse.ch\/wp-content\/uploads\/2025\/02\/859FE76B-6A75-4D1F-B137-DF04752AA111_1_201_a-300x300.jpeg 300w, https:\/\/www.schreibkurse.ch\/wp-content\/uploads\/2025\/02\/859FE76B-6A75-4D1F-B137-DF04752AA111_1_201_a-150x150.jpeg 150w, https:\/\/www.schreibkurse.ch\/wp-content\/uploads\/2025\/02\/859FE76B-6A75-4D1F-B137-DF04752AA111_1_201_a-768x768.jpeg 768w, https:\/\/www.schreibkurse.ch\/wp-content\/uploads\/2025\/02\/859FE76B-6A75-4D1F-B137-DF04752AA111_1_201_a-1536x1536.jpeg 1536w, https:\/\/www.schreibkurse.ch\/wp-content\/uploads\/2025\/02\/859FE76B-6A75-4D1F-B137-DF04752AA111_1_201_a-1020x1020.jpeg 1020w, https:\/\/www.schreibkurse.ch\/wp-content\/uploads\/2025\/02\/859FE76B-6A75-4D1F-B137-DF04752AA111_1_201_a.jpeg 1765w\" sizes=\"auto, (max-width: 1024px) 100vw, 1024px\" \/><\/figure><div class=\"wp-block-media-text__content\">\n<h2 class=\"wp-block-heading\">Kurs Nr. 1 &#8211; Kalligraphie Klassisch<\/h2>\n\n\n\n<p class=\"wp-block-paragraph\"><strong>ab Dienstag 11.11.2025 von 16 &#8211; 18 Uhr <\/strong>fortlaufend<br><br>Kosten: Fr. 50.&#8211; pro Kursabend (+ eventuelle Materialkosten)<\/p>\n\n\n\n<p class=\"wp-block-paragraph\">F\u00fcr Anf\u00e4nger*innen und Fortgeschrittene &#8211; pers\u00f6nliche Betreuung<\/p>\n<\/div><\/div>\n\n\n\n<hr class=\"wp-block-separator has-text-color has-cyan-bluish-gray-color has-alpha-channel-opacity has-cyan-bluish-gray-background-color has-background is-style-default\"\/>\n\n\n\n<div class=\"wp-block-media-text is-stacked-on-mobile\" style=\"grid-template-columns:25% auto\"><figure class=\"wp-block-media-text__media\"><img loading=\"lazy\" decoding=\"async\" width=\"727\" height=\"727\" src=\"http:\/\/www.schreibkurse.ch\/wp-content\/uploads\/2025\/10\/DB80440B-C648-495B-9DE1-6137441DDA8C_1_201_a.jpeg\" alt=\"\" class=\"wp-image-1782 size-full\" srcset=\"https:\/\/www.schreibkurse.ch\/wp-content\/uploads\/2025\/10\/DB80440B-C648-495B-9DE1-6137441DDA8C_1_201_a.jpeg 727w, https:\/\/www.schreibkurse.ch\/wp-content\/uploads\/2025\/10\/DB80440B-C648-495B-9DE1-6137441DDA8C_1_201_a-300x300.jpeg 300w, https:\/\/www.schreibkurse.ch\/wp-content\/uploads\/2025\/10\/DB80440B-C648-495B-9DE1-6137441DDA8C_1_201_a-150x150.jpeg 150w\" sizes=\"auto, (max-width: 727px) 100vw, 727px\" \/><\/figure><div class=\"wp-block-media-text__content\">\n<h2 class=\"wp-block-heading\">Kurs Nr. 2 &#8211; Kalligraphie Klassisch<\/h2>\n\n\n\n<p class=\"wp-block-paragraph\"><strong>ab Dienstag 11.11.2025 von 19 &#8211; 21 Uhr <\/strong>fortlaufend<br><br>Kosten: Fr. 50.&#8211; pro Kursabend (+ eventuelle Materialkosten)<\/p>\n\n\n\n<p class=\"wp-block-paragraph\">F\u00fcr Anf\u00e4nger*innen und Fortgeschrittene &#8211; pers\u00f6nliche Betreuung<\/p>\n<\/div><\/div>\n\n\n\n<hr class=\"wp-block-separator has-text-color has-cyan-bluish-gray-color has-alpha-channel-opacity has-cyan-bluish-gray-background-color has-background is-style-wide\"\/>\n\n\n\n<div class=\"wp-block-media-text is-stacked-on-mobile\" style=\"grid-template-columns:25% auto\"><figure class=\"wp-block-media-text__media\"><img loading=\"lazy\" decoding=\"async\" width=\"1024\" height=\"1024\" src=\"http:\/\/www.schreibkurse.ch\/wp-content\/uploads\/2025\/02\/IMG_9481-1024x1024.jpg\" alt=\"\" class=\"wp-image-1728 size-full\" srcset=\"https:\/\/www.schreibkurse.ch\/wp-content\/uploads\/2025\/02\/IMG_9481-1024x1024.jpg 1024w, https:\/\/www.schreibkurse.ch\/wp-content\/uploads\/2025\/02\/IMG_9481-300x300.jpg 300w, https:\/\/www.schreibkurse.ch\/wp-content\/uploads\/2025\/02\/IMG_9481-150x150.jpg 150w, https:\/\/www.schreibkurse.ch\/wp-content\/uploads\/2025\/02\/IMG_9481-768x768.jpg 768w, https:\/\/www.schreibkurse.ch\/wp-content\/uploads\/2025\/02\/IMG_9481-1536x1536.jpg 1536w, https:\/\/www.schreibkurse.ch\/wp-content\/uploads\/2025\/02\/IMG_9481-2048x2048.jpg 2048w, https:\/\/www.schreibkurse.ch\/wp-content\/uploads\/2025\/02\/IMG_9481-1020x1020.jpg 1020w\" sizes=\"auto, (max-width: 1024px) 100vw, 1024px\" \/><\/figure><div class=\"wp-block-media-text__content\">\n<h2 class=\"wp-block-heading\">Kurs Nr. 3 &#8211; Weihnachtskarten<\/h2>\n\n\n\n<p class=\"wp-block-paragraph\"><strong>Am Donnerstag 20.11.2025 von 19 &#8211; 22 Uhr <\/strong>ein Abend<br>Kosten: Fr. 80.- (inkl. Materialkosten)<\/p>\n\n\n\n<p class=\"wp-block-paragraph\">Herstellen von eigenen Motiven-Schablonen oder Anwendung von vorhandenen Schablonen.<\/p>\n<\/div><\/div>\n\n\n\n<hr class=\"wp-block-separator has-text-color has-cyan-bluish-gray-color has-alpha-channel-opacity has-cyan-bluish-gray-background-color has-background is-style-wide\"\/>\n\n\n\n<div class=\"wp-block-media-text is-stacked-on-mobile\" style=\"grid-template-columns:25% auto\"><figure class=\"wp-block-media-text__media\"><img loading=\"lazy\" decoding=\"async\" width=\"1024\" height=\"1024\" src=\"http:\/\/www.schreibkurse.ch\/wp-content\/uploads\/2025\/10\/IMG_9748-1-1024x1024.jpg\" alt=\"\" class=\"wp-image-1760 size-full\" srcset=\"https:\/\/www.schreibkurse.ch\/wp-content\/uploads\/2025\/10\/IMG_9748-1-1024x1024.jpg 1024w, https:\/\/www.schreibkurse.ch\/wp-content\/uploads\/2025\/10\/IMG_9748-1-300x300.jpg 300w, https:\/\/www.schreibkurse.ch\/wp-content\/uploads\/2025\/10\/IMG_9748-1-150x150.jpg 150w, https:\/\/www.schreibkurse.ch\/wp-content\/uploads\/2025\/10\/IMG_9748-1-768x768.jpg 768w, https:\/\/www.schreibkurse.ch\/wp-content\/uploads\/2025\/10\/IMG_9748-1-1536x1536.jpg 1536w, https:\/\/www.schreibkurse.ch\/wp-content\/uploads\/2025\/10\/IMG_9748-1-2048x2048.jpg 2048w, https:\/\/www.schreibkurse.ch\/wp-content\/uploads\/2025\/10\/IMG_9748-1-1020x1020.jpg 1020w\" sizes=\"auto, (max-width: 1024px) 100vw, 1024px\" \/><\/figure><div class=\"wp-block-media-text__content\">\n<h2 class=\"wp-block-heading\">Kurs Nr. 4 &#8211; Pup-Up Karten<\/h2>\n\n\n\n<p class=\"wp-block-paragraph\">Am <strong>Donnerstag 05.03.2026 von 19 Uhr bis 22 Uhr <\/strong>ein Abend<br>Kosten: Fr. 80.- (inkl. Materialkosten)<\/p>\n\n\n\n<p class=\"wp-block-paragraph\">Vielf\u00e4ltiges, kreatives Gestalten von Karten und K\u00e4rtchen, Paketanh\u00e4nger usw.<\/p>\n<\/div><\/div>\n\n\n\n<hr class=\"wp-block-separator has-text-color has-cyan-bluish-gray-color has-alpha-channel-opacity has-cyan-bluish-gray-background-color has-background is-style-wide\"\/>\n\n\n\n<div class=\"wp-block-media-text is-stacked-on-mobile\" style=\"grid-template-columns:25% auto\"><figure class=\"wp-block-media-text__media\"><img loading=\"lazy\" decoding=\"async\" width=\"1024\" height=\"1024\" src=\"http:\/\/www.schreibkurse.ch\/wp-content\/uploads\/2025\/02\/DSCN6939-1024x1024.jpeg\" alt=\"\" class=\"wp-image-1664 size-full\" srcset=\"https:\/\/www.schreibkurse.ch\/wp-content\/uploads\/2025\/02\/DSCN6939-1024x1024.jpeg 1024w, https:\/\/www.schreibkurse.ch\/wp-content\/uploads\/2025\/02\/DSCN6939-300x300.jpeg 300w, https:\/\/www.schreibkurse.ch\/wp-content\/uploads\/2025\/02\/DSCN6939-150x150.jpeg 150w, https:\/\/www.schreibkurse.ch\/wp-content\/uploads\/2025\/02\/DSCN6939-768x768.jpeg 768w, https:\/\/www.schreibkurse.ch\/wp-content\/uploads\/2025\/02\/DSCN6939-1536x1536.jpeg 1536w, https:\/\/www.schreibkurse.ch\/wp-content\/uploads\/2025\/02\/DSCN6939-2048x2048.jpeg 2048w, https:\/\/www.schreibkurse.ch\/wp-content\/uploads\/2025\/02\/DSCN6939-1020x1020.jpeg 1020w\" sizes=\"auto, (max-width: 1024px) 100vw, 1024px\" \/><\/figure><div class=\"wp-block-media-text__content\">\n<h2 class=\"wp-block-heading\">Kurs Nr. 5 &#8211; Der spezielle Brief<\/h2>\n\n\n\n<p class=\"wp-block-paragraph\">Am <strong>Donnerstag 05.02.2026 von 19 &#8211; 22 Uhr <\/strong>ein Abend<br>Kosten: Fr. 80.- (inkl. Materialkosten)<\/p>\n\n\n\n<p class=\"wp-block-paragraph\">Faltbriefe und Originelles &#8230;.<\/p>\n<\/div><\/div>\n\n\n\n<hr class=\"wp-block-separator has-text-color has-cyan-bluish-gray-color has-alpha-channel-opacity has-cyan-bluish-gray-background-color has-background is-style-wide\"\/>\n\n\n\n<div class=\"wp-block-media-text is-stacked-on-mobile\" style=\"grid-template-columns:25% auto\"><figure class=\"wp-block-media-text__media\"><img loading=\"lazy\" decoding=\"async\" width=\"1024\" height=\"1024\" src=\"http:\/\/www.schreibkurse.ch\/wp-content\/uploads\/2025\/02\/2B63E46F-7BB8-40A4-8712-DEBB43C45CF3_1_201_a-1024x1024.jpeg\" alt=\"\" class=\"wp-image-1674 size-full\" srcset=\"https:\/\/www.schreibkurse.ch\/wp-content\/uploads\/2025\/02\/2B63E46F-7BB8-40A4-8712-DEBB43C45CF3_1_201_a-1024x1024.jpeg 1024w, https:\/\/www.schreibkurse.ch\/wp-content\/uploads\/2025\/02\/2B63E46F-7BB8-40A4-8712-DEBB43C45CF3_1_201_a-300x300.jpeg 300w, https:\/\/www.schreibkurse.ch\/wp-content\/uploads\/2025\/02\/2B63E46F-7BB8-40A4-8712-DEBB43C45CF3_1_201_a-150x150.jpeg 150w, https:\/\/www.schreibkurse.ch\/wp-content\/uploads\/2025\/02\/2B63E46F-7BB8-40A4-8712-DEBB43C45CF3_1_201_a-768x768.jpeg 768w, https:\/\/www.schreibkurse.ch\/wp-content\/uploads\/2025\/02\/2B63E46F-7BB8-40A4-8712-DEBB43C45CF3_1_201_a-1536x1536.jpeg 1536w, https:\/\/www.schreibkurse.ch\/wp-content\/uploads\/2025\/02\/2B63E46F-7BB8-40A4-8712-DEBB43C45CF3_1_201_a-1020x1020.jpeg 1020w, https:\/\/www.schreibkurse.ch\/wp-content\/uploads\/2025\/02\/2B63E46F-7BB8-40A4-8712-DEBB43C45CF3_1_201_a.jpeg 2030w\" sizes=\"auto, (max-width: 1024px) 100vw, 1024px\" \/><\/figure><div class=\"wp-block-media-text__content\">\n<h2 class=\"wp-block-heading\">Kurs Nr. 6 &#8211; Das Kuvert <\/h2>\n\n\n\n<p class=\"wp-block-paragraph\">Kuverts erstellen<\/p>\n\n\n\n<p class=\"wp-block-paragraph\">Am <strong>Donnerstag 19.02.2026 von 19 &#8211; 22 Uhr <\/strong>ein Abend<br>Kosten: Fr. 80.-<\/p>\n\n\n\n<p class=\"wp-block-paragraph\">Herstellung verschiedener Formate &#8211; wenn m\u00f6glich aus Recyclingpapier<\/p>\n<\/div><\/div>\n\n\n\n<hr class=\"wp-block-separator has-text-color has-cyan-bluish-gray-color has-alpha-channel-opacity has-cyan-bluish-gray-background-color has-background is-style-wide\"\/>\n\n\n\n<div class=\"wp-block-media-text is-stacked-on-mobile\" style=\"grid-template-columns:25% auto\"><figure class=\"wp-block-media-text__media\"><img loading=\"lazy\" decoding=\"async\" width=\"662\" height=\"662\" src=\"http:\/\/www.schreibkurse.ch\/wp-content\/uploads\/2025\/02\/3F389628-B57A-455D-9228-8926886944C0_1_105_c-e1738482770137.jpeg\" alt=\"\" class=\"wp-image-1656 size-full\" srcset=\"https:\/\/www.schreibkurse.ch\/wp-content\/uploads\/2025\/02\/3F389628-B57A-455D-9228-8926886944C0_1_105_c-e1738482770137.jpeg 662w, https:\/\/www.schreibkurse.ch\/wp-content\/uploads\/2025\/02\/3F389628-B57A-455D-9228-8926886944C0_1_105_c-e1738482770137-300x300.jpeg 300w, https:\/\/www.schreibkurse.ch\/wp-content\/uploads\/2025\/02\/3F389628-B57A-455D-9228-8926886944C0_1_105_c-e1738482770137-150x150.jpeg 150w\" sizes=\"auto, (max-width: 662px) 100vw, 662px\" \/><\/figure><div class=\"wp-block-media-text__content\">\n<h2 class=\"wp-block-heading\">Kurs Nr. 7 &#8211; Gelliprint &#8211; auf Anfrage<\/h2>\n\n\n\n<p class=\"wp-block-paragraph\">Monoprinting (mit \u00dcberarbeitung)<\/p>\n\n\n\n<p class=\"wp-block-paragraph\">Mit Acrylfarben und verschiedenen Schablonen, Bl\u00e4ttern, Blumen, und Werkzeugen &#8211; Arbeiten auf der Gelatineplatte<\/p>\n<\/div><\/div>\n\n\n\n<hr class=\"wp-block-separator has-text-color has-cyan-bluish-gray-color has-alpha-channel-opacity has-cyan-bluish-gray-background-color has-background is-style-wide\"\/>\n\n\n\n<div class=\"wp-block-media-text is-stacked-on-mobile\" style=\"grid-template-columns:25% auto\"><figure class=\"wp-block-media-text__media\"><img loading=\"lazy\" decoding=\"async\" width=\"886\" height=\"886\" src=\"http:\/\/www.schreibkurse.ch\/wp-content\/uploads\/2025\/02\/F464B17C-A6C1-42FE-A967-F144C0E5CD9D_1_105_c.jpeg\" alt=\"\" class=\"wp-image-1680 size-full\" srcset=\"https:\/\/www.schreibkurse.ch\/wp-content\/uploads\/2025\/02\/F464B17C-A6C1-42FE-A967-F144C0E5CD9D_1_105_c.jpeg 886w, https:\/\/www.schreibkurse.ch\/wp-content\/uploads\/2025\/02\/F464B17C-A6C1-42FE-A967-F144C0E5CD9D_1_105_c-300x300.jpeg 300w, https:\/\/www.schreibkurse.ch\/wp-content\/uploads\/2025\/02\/F464B17C-A6C1-42FE-A967-F144C0E5CD9D_1_105_c-150x150.jpeg 150w, https:\/\/www.schreibkurse.ch\/wp-content\/uploads\/2025\/02\/F464B17C-A6C1-42FE-A967-F144C0E5CD9D_1_105_c-768x768.jpeg 768w\" sizes=\"auto, (max-width: 886px) 100vw, 886px\" \/><\/figure><div class=\"wp-block-media-text__content\">\n<h2 class=\"wp-block-heading\">Kurs Nr. 8 &#8211; Suminagashi <\/h2>\n\n\n\n<p class=\"wp-block-paragraph\">am <strong>Donnerstag, 13.11.2026 von 13:30 &#8211; 16 Uhr<\/strong><\/p>\n\n\n\n<p class=\"wp-block-paragraph\">Japanische Marmoriertechnik<\/p>\n\n\n\n<p class=\"wp-block-paragraph\">Anwendung verschiedene Farben auf Papier<\/p>\n<\/div><\/div>\n\n\n\n<hr class=\"wp-block-separator has-text-color has-cyan-bluish-gray-color has-alpha-channel-opacity has-cyan-bluish-gray-background-color has-background is-style-wide\"\/>\n\n\n\n<div class=\"wp-block-media-text is-stacked-on-mobile\" style=\"grid-template-columns:25% auto\"><figure class=\"wp-block-media-text__media\"><img loading=\"lazy\" decoding=\"async\" width=\"886\" height=\"886\" src=\"http:\/\/www.schreibkurse.ch\/wp-content\/uploads\/2025\/02\/30E37752-CEBD-4ACF-A151-4846A313E5E9_1_105_c-1.jpeg\" alt=\"\" class=\"wp-image-1721 size-full\" srcset=\"https:\/\/www.schreibkurse.ch\/wp-content\/uploads\/2025\/02\/30E37752-CEBD-4ACF-A151-4846A313E5E9_1_105_c-1.jpeg 886w, https:\/\/www.schreibkurse.ch\/wp-content\/uploads\/2025\/02\/30E37752-CEBD-4ACF-A151-4846A313E5E9_1_105_c-1-300x300.jpeg 300w, https:\/\/www.schreibkurse.ch\/wp-content\/uploads\/2025\/02\/30E37752-CEBD-4ACF-A151-4846A313E5E9_1_105_c-1-150x150.jpeg 150w, https:\/\/www.schreibkurse.ch\/wp-content\/uploads\/2025\/02\/30E37752-CEBD-4ACF-A151-4846A313E5E9_1_105_c-1-768x768.jpeg 768w\" sizes=\"auto, (max-width: 886px) 100vw, 886px\" \/><\/figure><div class=\"wp-block-media-text__content\">\n<h2 class=\"wp-block-heading\">Kurs Nr. 9 &#8211; Cyanotypie &#8211; auf Anfrage<\/h2>\n\n\n\n<p class=\"wp-block-paragraph\">Blaudruck, auch Eisendruck genanntes fotografisches Edeldruckverfahren. Bedingt Sonnenschein!<\/p>\n\n\n\n<p class=\"wp-block-paragraph\">Bl\u00e4tter, Blumen, Salz, Rost &#8211; unglaubliche kreative Vielfalt ist m\u00f6glich<\/p>\n<\/div><\/div>\n\n\n\n<hr class=\"wp-block-separator has-text-color has-cyan-bluish-gray-color has-alpha-channel-opacity has-cyan-bluish-gray-background-color has-background is-style-wide\"\/>\n\n\n\n<div class=\"wp-block-buttons is-content-justification-center is-layout-flex wp-container-core-buttons-is-layout-fe48e5de wp-block-buttons-is-layout-flex\">\n<div class=\"wp-block-button\"><a class=\"wp-block-button__link has-vivid-purple-background-color has-background has-medium-font-size has-custom-font-size wp-element-button\" href=\"http:\/\/www.schreibkurse.ch\/wp-content\/uploads\/2025\/01\/Anmeldeformular_2025.pdf\" target=\"_blank\" rel=\"noreferrer noopener\"><strong>Anmeldeformular<\/strong><\/a><\/div>\n<\/div>\n","protected":false},"excerpt":{"rendered":"<p>Schreib- und Kreativkurse 2025 und Fr\u00fchling 2026 Scriptorium Iris Gerber Bl\u00e4uenrainstrasse 28 4912 Aarwangen 062 922 03 63 \/ 079 204 85 86 Anmeldeformular gerber.iriss@ gmail.com (doppel s stimmt) Kurs Nr. 1 &#8211; Kalligraphie Klassisch ab Dienstag 11.11.2025 von 16 &#8211; 18 Uhr fortlaufend Kosten: Fr. 50.&#8211; pro Kursabend (+ eventuelle Materialkosten) F\u00fcr Anf\u00e4nger*innen und [&hellip;]<\/p>\n","protected":false},"author":2,"featured_media":0,"parent":0,"menu_order":0,"comment_status":"closed","ping_status":"closed","template":"","meta":{"_crdt_document":"","footnotes":""},"class_list":["post-578","page","type-page","status-publish","hentry"],"jetpack_sharing_enabled":true,"_links":{"self":[{"href":"https:\/\/www.schreibkurse.ch\/index.php?rest_route=\/wp\/v2\/pages\/578","targetHints":{"allow":["GET"]}}],"collection":[{"href":"https:\/\/www.schreibkurse.ch\/index.php?rest_route=\/wp\/v2\/pages"}],"about":[{"href":"https:\/\/www.schreibkurse.ch\/index.php?rest_route=\/wp\/v2\/types\/page"}],"author":[{"embeddable":true,"href":"https:\/\/www.schreibkurse.ch\/index.php?rest_route=\/wp\/v2\/users\/2"}],"replies":[{"embeddable":true,"href":"https:\/\/www.schreibkurse.ch\/index.php?rest_route=%2Fwp%2Fv2%2Fcomments&post=578"}],"version-history":[{"count":5,"href":"https:\/\/www.schreibkurse.ch\/index.php?rest_route=\/wp\/v2\/pages\/578\/revisions"}],"predecessor-version":[{"id":1789,"href":"https:\/\/www.schreibkurse.ch\/index.php?rest_route=\/wp\/v2\/pages\/578\/revisions\/1789"}],"wp:attachment":[{"href":"https:\/\/www.schreibkurse.ch\/index.php?rest_route=%2Fwp%2Fv2%2Fmedia&parent=578"}],"curies":[{"name":"wp","href":"https:\/\/api.w.org\/{rel}","templated":true}]}}